{"id":111,"date":"2020-07-02T13:49:02","date_gmt":"2020-07-02T13:49:02","guid":{"rendered":"http:\/\/coopespartillar.com.ar\/?page_id=111"},"modified":"2025-08-12T19:16:04","modified_gmt":"2025-08-12T19:16:04","slug":"electricidad","status":"publish","type":"page","link":"https:\/\/coopespartillar.com.ar\/index.php\/electricidad\/","title":{"rendered":"Electricidad"},"content":{"rendered":"\n<h2 class=\"wp-block-heading\">Electricidad Urbana y Rural<\/h2>\n\n\n\n<p>A partir del primero de enero del 2009 entr\u00f3 en vigencia la <a href=\"http:\/\/www.oceba.gba.gov.ar\/Paginas\/Resoluciones\/08\/Resolucion0092.pdf\">Resoluci\u00f3n 92\/08 OCEBA<\/a>, que aprueba el Reglamento de Acometidas para Clientes de Tarifa 1 (peque\u00f1as demanda). Dicho reglamento establece las nuevas condiciones t\u00e9cnicas que deben cumplir las acometidas domiciliarias individuales y m\u00faltiples (tipo PH) de los Clientes Tarifa 1 (&lt; 10Kw). Ante cualquier duda consulte un profesional matriculado o bien comun\u00edquese con Nosotros. <\/p>\n\n\n\n<table border=\"0\" width=\"100%\" cellspacing=\"0\" cellpadding=\"0\" bgcolor=\"#eaeaeb\">\n<tbody>\n<tr>\n<td colspan=\"4\">\n<table border=\"0\" width=\"100%\" cellspacing=\"0\" cellpadding=\"0\">\n<tbody>\n<tr>\n<td width=\"320\"><img decoding=\"async\" class=\"alignnone size-medium wp-image-325\" src=\"\/wp-content\/uploads\/2020\/06\/LOGO-OCEBA_SF.png\" alt=\"OCEBA\" width=\"300\"><\/td>\n<td><strong>Sr. Asociado: <\/strong>Se informa que, seg\u00fan lo establece la ley en vigencia, usted tiene derecho a elevar sus reclamos ante el Organismo de Control de Energ\u00eda El\u00e9ctrica de la provincia de Buenos Aires (OCEBA), cuyo link es el siguiente: <a href=\"http:\/\/www.oceba.gba.gov.ar\/\" target=\"_blank\" rel=\"noopener noreferrer\">www.oceba.gba.gov.ar<\/a><\/td>\n<\/tr>\n<\/tbody>\n<\/table>\n<\/td>\n<\/tr>\n<tr>\n<td style=\"text-align: center;\" align=\"center\" width=\"25%\"><a href=\"https:\/\/oceba.gba.gov.ar\/nueva_web\/s.php?i=17\" target=\"_blank\" rel=\"noopener noreferrer\"><i class=\"fa fa-file-text-o fa-\"><\/i> CUADRO TARIFARIO<\/a><\/td>\n<td style=\"text-align: center;\" align=\"center\" width=\"25%\"><a href=\"https:\/\/www.oceba.gba.gov.ar\/nueva_web\/s.php?i=12\" target=\"_blank\" rel=\"noopener noreferrer\"><i class=\"fa fa-download fa-\"><\/i> REGLAMENTO<\/a><\/td>\n<td style=\"text-align: center;\" align=\"center\" width=\"25%\"><a href=\"https:\/\/oceba.gba.gov.ar\/nueva_web\/s.php?i=17\" target=\"_blank\" rel=\"noopener noreferrer\"><i class=\"fa fa-calculator fa-\"><\/i> CALCULADORA DE CONSUMO<\/a><\/td>\n<td style=\"text-align: center;\" align=\"center\" width=\"25%\"><a href=\"https:\/\/oceba.gba.gov.ar\/tarifa_social\/pordni\" target=\"_blank\" rel=\"noopener noreferrer\"><i class=\"fa fa-handshake-o\"><\/i> TARIFA SOCIAL<\/a><\/td>\n<\/tr>\n<\/tbody>\n<\/table>\n\n\n\n<blockquote class=\"wp-block-quote\">\n<p> <strong>Electrodependientes<\/strong><br>\u00abLos hogares donde residan personas electrodependientes gozar\u00e1n de GRATUIDAD en el servicio p\u00fablico de provisi\u00f3n de energ\u00eda el\u00e9ctrica, como as\u00ed tambi\u00e9n la provisi\u00f3n de Grupos Electr\u00f3genos en caso de suspensi\u00f3n del servicio, conforme a la adhesi\u00f3n a la Ley Nacional N\u00ba 27.351 realizada por la Ley Provincial N\u00ba 14.988\u00bb <\/p>\n<cite>OCEBA<\/cite><\/blockquote>\n\n\n\n<p><strong>Estimados Asociados y Usuarios<\/strong><br>Le informamos que el Call-Center del Ministerio de Energ\u00eda y Miner\u00eda es 0-800-333-2182 para consultas sobre la tarifa social. Tambi\u00e9n puede contactarse con este organismo completando el formulario en su <a href=\"http:\/\/www.minem.gob.ar\/formulario\" target=\"_blank\" rel=\"noreferrer noopener\" aria-label=\" (opens in a new tab)\">sitio web<\/a><\/p>\n\n\n\n<div class=\"wp-block-columns is-layout-flex wp-container-3 wp-block-columns-is-layout-flex\">\n<div class=\"wp-block-column is-layout-flow wp-block-column-is-layout-flow\">\n<figure class=\"wp-block-image size-full\"><a href=\"http:\/\/coopespartillar.com.ar\/wp-content\/uploads\/2025\/08\/seguridad-electrica-v4-1.png\"><img decoding=\"async\" loading=\"lazy\" width=\"300\" height=\"119\" src=\"http:\/\/coopespartillar.com.ar\/wp-content\/uploads\/2025\/08\/seguridad-electrica-v4-1.png\" alt=\"\" class=\"wp-image-459\"\/><\/a><\/figure>\n<\/div>\n\n\n\n<div class=\"wp-block-column is-layout-flow wp-block-column-is-layout-flow\">\n<h3 class=\"wp-block-heading\">Seguridad El\u00e9ctrica<\/h3>\n\n\n\n<p>\u00bfQu\u00e9 debe saber el asociado sobre la seguridad el\u00e9ctrica en la v\u00eda p\u00fablica y en su domicilio? <a href=\"https:\/\/coopespartillar.com.ar\/index.php\/seguridad-electrica\/\" data-type=\"page\" data-id=\"457\">Click aqu\u00ed <\/a>para mas informaci\u00f3n.<\/p>\n<\/div>\n<\/div>\n","protected":false},"excerpt":{"rendered":"<p>Electricidad Urbana y Rural A partir del primero de enero del 2009 entr\u00f3 en vigencia la Resoluci\u00f3n 92\/08 OCEBA, que aprueba el Reglamento de Acometidas para Clientes de Tarifa 1 (peque\u00f1as demanda). Dicho reglamento establece las nuevas condiciones t\u00e9cnicas que deben cumplir las acometidas domiciliarias individuales y m\u00faltiples (tipo PH) de los Clientes Tarifa 1&hellip;<\/p>\n","protected":false},"author":1,"featured_media":0,"parent":0,"menu_order":0,"comment_status":"closed","ping_status":"closed","template":"","meta":{"footnotes":""},"_links":{"self":[{"href":"https:\/\/coopespartillar.com.ar\/index.php\/wp-json\/wp\/v2\/pages\/111"}],"collection":[{"href":"https:\/\/coopespartillar.com.ar\/index.php\/wp-json\/wp\/v2\/pages"}],"about":[{"href":"https:\/\/coopespartillar.com.ar\/index.php\/wp-json\/wp\/v2\/types\/page"}],"author":[{"embeddable":true,"href":"https:\/\/coopespartillar.com.ar\/index.php\/wp-json\/wp\/v2\/users\/1"}],"replies":[{"embeddable":true,"href":"https:\/\/coopespartillar.com.ar\/index.php\/wp-json\/wp\/v2\/comments?post=111"}],"version-history":[{"count":9,"href":"https:\/\/coopespartillar.com.ar\/index.php\/wp-json\/wp\/v2\/pages\/111\/revisions"}],"predecessor-version":[{"id":461,"href":"https:\/\/coopespartillar.com.ar\/index.php\/wp-json\/wp\/v2\/pages\/111\/revisions\/461"}],"wp:attachment":[{"href":"https:\/\/coopespartillar.com.ar\/index.php\/wp-json\/wp\/v2\/media?parent=111"}],"curies":[{"name":"wp","href":"https:\/\/api.w.org\/{rel}","templated":true}]}}