{"id":129,"date":"2020-07-02T14:53:35","date_gmt":"2020-07-02T14:53:35","guid":{"rendered":"http:\/\/coopespartillar.com.ar\/?page_id=129"},"modified":"2022-01-18T14:02:34","modified_gmt":"2022-01-18T14:02:34","slug":"internet","status":"publish","type":"page","link":"https:\/\/coopespartillar.com.ar\/index.php\/internet\/","title":{"rendered":"Internet"},"content":{"rendered":"\n<p>Ofrecemos servicios de internet de alta velocidad para la zona urbana y rural de Espartillar. En la zona urbana nuestros socios disfrutan de servicios de hasta 500 Mbps, mientras que interconectamos la regi\u00f3n rural con enlaces inal\u00e1mbricos que llegan hasta los 50 Mbps al usuario final.<\/p>\n\n\n\n<div class=\"wp-block-columns has-2-columns is-layout-flex wp-container-3 wp-block-columns-is-layout-flex\">\n<div class=\"wp-block-column is-layout-flow wp-block-column-is-layout-flow\">\n<center>\n<p class=\"sow-more-text\" style=\"width: 40%;\">\t\t\t\t\t\t\t<a href=\"\/index.php\/tarifario\/#internet\">\t\t\t\t\t\t\tTarifario<\/a>\n<\/p>\n<\/center>\n<\/div>\n\n\n\n<div class=\"wp-block-column is-layout-flow wp-block-column-is-layout-flow\">\n<center>\n<p class=\"sow-more-text\" style=\"width: 40%;\">\t\t\t\t\t\t\t<a href=\"http:\/\/velocidad.nodocoop.com.ar\/\" target=\"_blank\" rel=\"noopener noreferrer\">\t\t\t\t\t\t\tTest Velocidad<\/a>\n<\/p>\n<\/center>\n<\/div>\n<\/div>\n\n\n\n<div class=\"wp-block-media-text alignwide\" style=\"grid-template-columns:37% auto\"><figure class=\"wp-block-media-text__media\"><img decoding=\"async\" loading=\"lazy\" width=\"832\" height=\"1024\" src=\"http:\/\/coopespartillar.com.ar\/wp-content\/uploads\/2022\/01\/internet-plan-speed-liberty-2022-832x1024.jpg\" alt=\"\" class=\"wp-image-374\" srcset=\"https:\/\/coopespartillar.com.ar\/wp-content\/uploads\/2022\/01\/internet-plan-speed-liberty-2022-832x1024.jpg 832w, https:\/\/coopespartillar.com.ar\/wp-content\/uploads\/2022\/01\/internet-plan-speed-liberty-2022-244x300.jpg 244w, https:\/\/coopespartillar.com.ar\/wp-content\/uploads\/2022\/01\/internet-plan-speed-liberty-2022-768x945.jpg 768w, https:\/\/coopespartillar.com.ar\/wp-content\/uploads\/2022\/01\/internet-plan-speed-liberty-2022.jpg 1300w\" sizes=\"(max-width: 832px) 100vw, 832px\" \/><\/figure><div class=\"wp-block-media-text__content\">\n<h4 class=\"blue wp-block-heading\"><strong>La mejor calidad WiFi en tu propio hogar<\/strong><\/h4>\n\n\n\n<p>Con Wifi Mesh\/Red de sexta generaci\u00f3n podes tener internet inal\u00e1mbrica de alta calidad en cada ambiente de tu casa. No se necesitan cables adicionales!<\/p>\n\n\n\n<ul><li>Mejora la calidad de streaming en todos los dispositivos.<\/li><li>Control de acceso por horarios para cuidar a los menores del hogar. <\/li><li> La tecnolog\u00eda dual band permite una \u00f3ptima conectividad en toda la casa. <\/li><li>Obten\u00e9 una mejor experiencia con los juegos en l\u00ednea.<\/li><\/ul>\n<\/div><\/div>\n\n\n\n<h4 class=\"blue wp-block-heading\"><strong>Algunos consejos para el uso seguro de internet<\/strong><\/h4>\n\n\n\n<ul><li> Utilizar un antivirus y mantenerlo actualizado;<\/li><li>Que el antivirus est\u00e9 siempre activo;<\/li><li>Verificar el remitente de antes de abrir cada nuevo e-mail y  analizar los archivos adjuntos con el antivirus;<\/li><li>No bajar programas de sitios no seguros de la Web;<\/li><li>Rechazar archivos que no se hayan solicitado;<\/li><li>Mantener actualizados todos los paquetes de software que utiliza, incluso el sistema operativo de su PC, Notebook o Smatphone<\/li><li>Realizar copias de seguridad;<\/li><li>Analizar con el antivirus el contenido de los archivos comprimidos (zip);<\/li><li>Mantenerse alerta ante acciones sospechosas de posibles virus;<\/li><li>A\u00f1adir las opciones de seguridad de las aplicaciones que usa normalmente a su pol\u00edtica de protecci\u00f3n antivirus.<br><\/li><\/ul>\n\n\n\n<blockquote class=\"wp-block-quote\"><p>Si su reclamo ante el prestador no es debidamente atendido o la respuesta recibida no es satisfactoria, puede presentarse ante las oficinas de atenci\u00f3n al usuario del ENTE NACIONAL DE COMUNICACIONES en la Ciudad Aut\u00f3noma de Buenos Aires o en las delegaciones del interior del pa\u00eds; o bien enviarla por correo sin cargo a trav\u00e9s del apartado especial correspondiente, o por otro medio que defina la autoridad. Ante cualquier consulta comun\u00edquese al 0800-333-3344 o al correo electr\u00f3nico reclamos@enacom.gob.ar o ingresando a www.enacom.gob.ar\/reclamosclientes\u201d  <\/p><cite>ENACOM<\/cite><\/blockquote>\n\n\n\n<h4 class=\"blue wp-block-heading\"><strong>Para dialogar con los ni\u00f1os y adolescentes que usan internet<\/strong> <\/h4>\n\n\n\n<p><br>El Ente Nacional de Comunicaciones (ENACOM), deja en su sitio web algunas consideraciones a tener en cuenta, cuando el servicio de internet es utilizado por ni\u00f1os o adolescentes en su hogar, fomentando las buenas pr\u00e1cticas en el uso de este servicio digital. <\/p>\n\n\n\n<ul><li>No incluir informaci\u00f3n personal en la redes sociales.<\/li><li> Lo que se sube a Internet, es dif\u00edcil de borrar.<\/li><li>No publicar datos o fotos de otra persona sin permiso.<\/li><li>No participar en acciones de \u00abbullying\u00bb.<\/li><li> Tarea escolar: Incluir siempre a la fuente de informaci\u00f3n.<\/li><li>Chequear la informaci\u00f3n antes de usarla.<\/li><li> No copiar y pegar: mejor re escribir.<\/li><li>No encontrarse con gente que hayan conocido en la web.<\/li><li>Compartir con la familia lo que viven en Internet.<\/li><li> Preguntar a los chicos: \u00ab\u00bfQu\u00e9 hiciste hoy en Internet?\u00bb <\/li><\/ul>\n\n\n\n<h4 class=\"blue wp-block-heading\"><strong>Grooming, el acoso por internet \u00bfC\u00f3mo cuidarnos?<\/strong><br><\/h4>\n\n\n\n<p>Se llama&nbsp;<strong><em>grooming<\/em><\/strong>&nbsp;a la acci\u00f3n deliberada de un adulto de acosar sexualmente a un ni\u00f1o, ni\u00f1a o adolescente mediante el uso de Internet, a trav\u00e9s de comunicaciones electr\u00f3nicas, telecomunicaciones o cualquier otra tecnolog\u00eda de transmisi\u00f3n de datos (redes sociales, p\u00e1ginas web, aplicaciones de mensajer\u00edas como whatsapp, etc.)<\/p>\n\n\n\n<p>Los adultos que realizan&nbsp;<strong><em>grooming<\/em><\/strong> suelen generar un perfil falso en una red social, sala de chat, etc., haci\u00e9ndose pasar por un chico o una chica, buscando generar una relaci\u00f3n de confianza con el ni\u00f1o o ni\u00f1a a quien quieren acosar. \u00bfC\u00f3mo hablar con los ni\u00f1os de esta tem\u00e1tica?<\/p>\n\n\n\n<ul><li><strong>Ense\u00f1ales<\/strong>&nbsp;a realizar un uso responsable de Internet y de las redes sociales. Brindales informaci\u00f3n sobre los riesgos y aclarales c\u00f3mo funcionan las herramientas de protecci\u00f3n.<\/li><li><strong>Explicales<\/strong>&nbsp;que no deben compartir claves, informaci\u00f3n o im\u00e1genes comprometedoras por medios electr\u00f3nicos, porque lo que se sube a Internet no se borra nunca.<\/li><li><strong>Configuren juntos<\/strong>&nbsp;las opciones de privacidad en las redes sociales para determinar qu\u00e9 informaci\u00f3n ser\u00e1 accesible para los dem\u00e1s, evitando usar sus nombres completos y datos personales.<\/li><li><strong>Convers\u00e1 con ellos<\/strong>&nbsp;sobre el concepto de privacidad y gener\u00e1 con ellos un pensamiento cr\u00edtico a la hora de publicar informaci\u00f3n o im\u00e1genes en las redes.<\/li><li><strong>Prest\u00e1 atenci\u00f3n<\/strong>&nbsp;a los cambios de conducta o humor de tu hijo\/a.<\/li><li>Seg\u00fan la edad,&nbsp;<strong>vayan definiendo h\u00e1bitos de uso<\/strong>&nbsp;de redes e internet, con diferentes niveles de participaci\u00f3n y acompa\u00f1amiento.<\/li><li><strong>Gener\u00e1 puntos de encuentro<\/strong>&nbsp;relacionados con las redes o sitios de internet. El di\u00e1logo y la confianza con los chicos siempre es lo m\u00e1s importante.<\/li><\/ul>\n\n\n\n<h4 class=\"wp-block-heading\" style=\"text-align:center\">Para informaci\u00f3n, asesoramiento y\/o denuncias sobre Grooming  llam\u00e1 al&nbsp;<strong>134<\/strong>. <\/h4>\n\n\n\n<h4 class=\"wp-block-heading\"><\/h4>\n","protected":false},"excerpt":{"rendered":"<p>Ofrecemos servicios de internet de alta velocidad para la zona urbana y rural de Espartillar. En la zona urbana nuestros socios disfrutan de servicios de hasta 500 Mbps, mientras que interconectamos la regi\u00f3n rural con enlaces inal\u00e1mbricos que llegan hasta los 50 Mbps al usuario final. Tarifario Test Velocidad La mejor calidad WiFi en tu&hellip;<\/p>\n","protected":false},"author":1,"featured_media":0,"parent":0,"menu_order":0,"comment_status":"closed","ping_status":"closed","template":"","meta":{"footnotes":""},"_links":{"self":[{"href":"https:\/\/coopespartillar.com.ar\/index.php\/wp-json\/wp\/v2\/pages\/129"}],"collection":[{"href":"https:\/\/coopespartillar.com.ar\/index.php\/wp-json\/wp\/v2\/pages"}],"about":[{"href":"https:\/\/coopespartillar.com.ar\/index.php\/wp-json\/wp\/v2\/types\/page"}],"author":[{"embeddable":true,"href":"https:\/\/coopespartillar.com.ar\/index.php\/wp-json\/wp\/v2\/users\/1"}],"replies":[{"embeddable":true,"href":"https:\/\/coopespartillar.com.ar\/index.php\/wp-json\/wp\/v2\/comments?post=129"}],"version-history":[{"count":35,"href":"https:\/\/coopespartillar.com.ar\/index.php\/wp-json\/wp\/v2\/pages\/129\/revisions"}],"predecessor-version":[{"id":376,"href":"https:\/\/coopespartillar.com.ar\/index.php\/wp-json\/wp\/v2\/pages\/129\/revisions\/376"}],"wp:attachment":[{"href":"https:\/\/coopespartillar.com.ar\/index.php\/wp-json\/wp\/v2\/media?parent=129"}],"curies":[{"name":"wp","href":"https:\/\/api.w.org\/{rel}","templated":true}]}}