{"id":139,"date":"2020-07-02T16:15:51","date_gmt":"2020-07-02T16:15:51","guid":{"rendered":"http:\/\/coopespartillar.com.ar\/?page_id=139"},"modified":"2022-10-06T12:07:38","modified_gmt":"2022-10-06T12:07:38","slug":"agua-potable","status":"publish","type":"page","link":"https:\/\/coopespartillar.com.ar\/index.php\/agua-potable\/","title":{"rendered":"Agua Potable"},"content":{"rendered":"\n<p>Teniendo siempre presente que el agua es un recurso renovable, escaso y vulnerable brindamos servicio de agua potable residencial y comercial a toda la localidad de Espartillar.<br><\/p>\n\n\n\n<p>Trabajamos todo el a\u00f1o, para satisfacer la demanda actual, sabiendo que cuando un asociado abra el grifo podr\u00e1 disfrutar en su casa o comercio del mejor servicio de agua potable, que respete los  est\u00e1ndares de calidad, pero sin olvidarnos del compromiso ambiental para que las futuras generaciones puedan disponer de los recursos que hoy nosotros gozamos.<\/p>\n\n\n\n<center>\n<p class=\"sow-more-text\" style=\"width: 25%;\">\t\t\t\t\t\t\t<a href=\"\/index.php\/tarifario\/#agua\">\t\t\t\t\t\t\tTarifario<\/a>\n<\/p>\n<\/center>\n\n\n\n<table border=\"0\" width=\"100%\" cellspacing=\"0\" cellpadding=\"0\" bgcolor=\"#eaeaeb\">\n<tr>\n<td style=\"text-align: center;\" align=\"center\" width=\"25%\"><a href=\"\/wp-content\/uploads\/2020\/07\/limpieza-agua.pdf\" target=\"_blank\" rel=\"noopener noreferrer\"><i class=\"fa fa-download\"><\/i> Instructivo para limpieza de tanque domiciliario<\/a><\/td>\n<\/table>\n\n\n\n<figure class=\"wp-block-image\"><img decoding=\"async\" loading=\"lazy\" width=\"1024\" height=\"768\" src=\"http:\/\/coopespartillar.com.ar\/wp-content\/uploads\/2020\/07\/spar-agua-1024x768.jpg\" alt=\"\" class=\"wp-image-140\" srcset=\"https:\/\/coopespartillar.com.ar\/wp-content\/uploads\/2020\/07\/spar-agua-1024x768.jpg 1024w, https:\/\/coopespartillar.com.ar\/wp-content\/uploads\/2020\/07\/spar-agua-300x225.jpg 300w, https:\/\/coopespartillar.com.ar\/wp-content\/uploads\/2020\/07\/spar-agua-768x576.jpg 768w\" sizes=\"(max-width: 1024px) 100vw, 1024px\" \/><figcaption>Cisterna Agua Potable<\/figcaption><\/figure>\n\n\n\n<blockquote class=\"wp-block-quote\"><p><strong>Se\u00f1or usuario del servicio de Agua Potable, recuerde<\/strong><br><br>Recoger el agua de sus fuentes subterr\u00e1neas naturales, conducirla hasta el establecimiento de potabilizaci\u00f3n, purificarla y finalmente proveerla a todos los habitantes del ejido urbano, es una ardua labor que requiere log\u00edstica, dedicaci\u00f3n y empe\u00f1o que cuyo costo es muy elevado. Somos un servicio cooperativo que busca la mejor calidad con el menor costo, sin otra especulaci\u00f3n m\u00e1s que el bien comunitario. <\/p><p><br><\/p><p>Ninguna empresa urbana grade o peque\u00f1a, es posible sin el agua. Por ello su uso debe ser tan discrecional.<\/p><\/blockquote>\n\n\n\n<p><\/p>\n","protected":false},"excerpt":{"rendered":"<p>Teniendo siempre presente que el agua es un recurso renovable, escaso y vulnerable brindamos servicio de agua potable residencial y comercial a toda la localidad de Espartillar. Trabajamos todo el a\u00f1o, para satisfacer la demanda actual, sabiendo que cuando un asociado abra el grifo podr\u00e1 disfrutar en su casa o comercio del mejor servicio de&hellip;<\/p>\n","protected":false},"author":1,"featured_media":0,"parent":0,"menu_order":0,"comment_status":"closed","ping_status":"closed","template":"","meta":{"footnotes":""},"_links":{"self":[{"href":"https:\/\/coopespartillar.com.ar\/index.php\/wp-json\/wp\/v2\/pages\/139"}],"collection":[{"href":"https:\/\/coopespartillar.com.ar\/index.php\/wp-json\/wp\/v2\/pages"}],"about":[{"href":"https:\/\/coopespartillar.com.ar\/index.php\/wp-json\/wp\/v2\/types\/page"}],"author":[{"embeddable":true,"href":"https:\/\/coopespartillar.com.ar\/index.php\/wp-json\/wp\/v2\/users\/1"}],"replies":[{"embeddable":true,"href":"https:\/\/coopespartillar.com.ar\/index.php\/wp-json\/wp\/v2\/comments?post=139"}],"version-history":[{"count":7,"href":"https:\/\/coopespartillar.com.ar\/index.php\/wp-json\/wp\/v2\/pages\/139\/revisions"}],"predecessor-version":[{"id":395,"href":"https:\/\/coopespartillar.com.ar\/index.php\/wp-json\/wp\/v2\/pages\/139\/revisions\/395"}],"wp:attachment":[{"href":"https:\/\/coopespartillar.com.ar\/index.php\/wp-json\/wp\/v2\/media?parent=139"}],"curies":[{"name":"wp","href":"https:\/\/api.w.org\/{rel}","templated":true}]}}