{"id":147,"date":"2020-07-02T16:22:27","date_gmt":"2020-07-02T16:22:27","guid":{"rendered":"http:\/\/coopespartillar.com.ar\/?page_id=147"},"modified":"2020-07-07T21:16:53","modified_gmt":"2020-07-07T21:16:53","slug":"television-por-cable","status":"publish","type":"page","link":"https:\/\/coopespartillar.com.ar\/index.php\/television-por-cable\/","title":{"rendered":"Televisi\u00f3n por cable"},"content":{"rendered":"\n<p> En la actualidad brindamos el servicio en Espartillar, llegando a los hogares mediante red de coaxil con moderna electr\u00f3nica. Hoy son 52 las se\u00f1ales que componen nuestra Grilla de TV Cable y que nuestros abonados pueden disfrutar con amplia calidad .   <\/p>\n\n\n\n<center>\n<p class=\"sow-more-text\" style=\"width: 25%;\">\t\t\t\t\t\t\t<a href=\"\/index.php\/tarifario\/#television\">\t\t\t\t\t\t\tTarifario<\/a>\n<\/p>\n<\/center>\n\n\n\n<div class=\"wp-block-image\"><figure class=\"aligncenter\"><img decoding=\"async\" loading=\"lazy\" width=\"329\" height=\"175\" src=\"http:\/\/coopespartillar.com.ar\/wp-content\/uploads\/2020\/07\/cable.jpg\" alt=\"\" class=\"wp-image-148\" srcset=\"https:\/\/coopespartillar.com.ar\/wp-content\/uploads\/2020\/07\/cable.jpg 329w, https:\/\/coopespartillar.com.ar\/wp-content\/uploads\/2020\/07\/cable-300x160.jpg 300w\" sizes=\"(max-width: 329px) 100vw, 329px\" \/><figcaption>Cabezal de TV Cable<\/figcaption><\/figure><\/div>\n\n\n\n<div class=\"wp-block-button aligncenter\"><a class=\"wp-block-button__link\" href=\"http:\/\/www.colsecor.com.ar\/teleguia\/\">&nbsp;Grilla de Programaci\u00f3n<\/a><\/div>\n\n\n\n<h2 style=\"text-align:center\" class=\"on-demand wp-block-heading\">Televisi\u00f3n Digital a Demanda<\/h2>\n\n\n\n<figure class=\"wp-block-image alignwide\"><a href=\"https:\/\/www.sensa.com.ar\/\" target=\"_blank\" rel=\"noreferrer noopener\"><img decoding=\"async\" loading=\"lazy\" width=\"780\" height=\"254\" src=\"http:\/\/coopespartillar.com.ar\/wp-content\/uploads\/2020\/07\/Horizontal-Negro-mail.png\" alt=\"\" class=\"wp-image-236\" srcset=\"https:\/\/coopespartillar.com.ar\/wp-content\/uploads\/2020\/07\/Horizontal-Negro-mail.png 780w, https:\/\/coopespartillar.com.ar\/wp-content\/uploads\/2020\/07\/Horizontal-Negro-mail-300x98.png 300w, https:\/\/coopespartillar.com.ar\/wp-content\/uploads\/2020\/07\/Horizontal-Negro-mail-768x250.png 768w\" sizes=\"(max-width: 780px) 100vw, 780px\" \/><\/a><\/figure>\n\n\n\n<p>Disfruta de <strong>la evoluci\u00f3n del contenido<\/strong> a demanda en alta calidad y en todos los dispositivos  m\u00f3viles! . Mas de 70 se\u00f1ales disponibles en la palma de tu mano.<\/p>\n\n\n\n<p>Busc\u00e1 la aplicaci\u00f3n en Google Play para Android y App Sotore para iOS. Adem\u00e1s es complatible con PC, Chromecast y Android TV para ver el contenido en la comodidad de tu hogar.<\/p>\n\n\n\n<figure class=\"wp-block-video aligncenter\"><video controls src=\"http:\/\/coopespartillar.com.ar\/wp-content\/uploads\/2020\/07\/sensa.mp4\"><\/video><\/figure>\n","protected":false},"excerpt":{"rendered":"<p>En la actualidad brindamos el servicio en Espartillar, llegando a los hogares mediante red de coaxil con moderna electr\u00f3nica. Hoy son 52 las se\u00f1ales que componen nuestra Grilla de TV Cable y que nuestros abonados pueden disfrutar con amplia calidad . Tarifario Televisi\u00f3n Digital a Demanda Disfruta de la evoluci\u00f3n del contenido a demanda en&hellip;<\/p>\n","protected":false},"author":1,"featured_media":0,"parent":0,"menu_order":0,"comment_status":"closed","ping_status":"closed","template":"","meta":{"footnotes":""},"_links":{"self":[{"href":"https:\/\/coopespartillar.com.ar\/index.php\/wp-json\/wp\/v2\/pages\/147"}],"collection":[{"href":"https:\/\/coopespartillar.com.ar\/index.php\/wp-json\/wp\/v2\/pages"}],"about":[{"href":"https:\/\/coopespartillar.com.ar\/index.php\/wp-json\/wp\/v2\/types\/page"}],"author":[{"embeddable":true,"href":"https:\/\/coopespartillar.com.ar\/index.php\/wp-json\/wp\/v2\/users\/1"}],"replies":[{"embeddable":true,"href":"https:\/\/coopespartillar.com.ar\/index.php\/wp-json\/wp\/v2\/comments?post=147"}],"version-history":[{"count":12,"href":"https:\/\/coopespartillar.com.ar\/index.php\/wp-json\/wp\/v2\/pages\/147\/revisions"}],"predecessor-version":[{"id":244,"href":"https:\/\/coopespartillar.com.ar\/index.php\/wp-json\/wp\/v2\/pages\/147\/revisions\/244"}],"wp:attachment":[{"href":"https:\/\/coopespartillar.com.ar\/index.php\/wp-json\/wp\/v2\/media?parent=147"}],"curies":[{"name":"wp","href":"https:\/\/api.w.org\/{rel}","templated":true}]}}