{"id":153,"date":"2020-07-02T18:11:33","date_gmt":"2020-07-02T18:11:33","guid":{"rendered":"http:\/\/coopespartillar.com.ar\/?page_id=153"},"modified":"2020-07-07T20:56:28","modified_gmt":"2020-07-07T20:56:28","slug":"seguros-generales","status":"publish","type":"page","link":"https:\/\/coopespartillar.com.ar\/index.php\/seguros-generales\/","title":{"rendered":"Seguros Generales"},"content":{"rendered":"\n<p>Desde la Cooperativa queremos  brindar seguridad y tranquilidad a nuestros asociados. Es por eso que brindamos seguros personales, comerciales y agr\u00edcolas, acompa\u00f1ando as\u00ed al crecimiento de la localidad y la regi\u00f3n<\/p>\n\n\n\n<div class=\"wp-block-columns has-2-columns is-layout-flex wp-container-3 wp-block-columns-is-layout-flex\">\n<div class=\"wp-block-column is-layout-flow wp-block-column-is-layout-flow\">\n<figure class=\"wp-block-image\"><img decoding=\"async\" loading=\"lazy\" width=\"600\" height=\"350\" src=\"http:\/\/coopespartillar.com.ar\/wp-content\/uploads\/2020\/07\/Automotor-producto.jpg\" alt=\"\" class=\"wp-image-154\" srcset=\"https:\/\/coopespartillar.com.ar\/wp-content\/uploads\/2020\/07\/Automotor-producto.jpg 600w, https:\/\/coopespartillar.com.ar\/wp-content\/uploads\/2020\/07\/Automotor-producto-300x175.jpg 300w\" sizes=\"(max-width: 600px) 100vw, 600px\" \/><\/figure>\n\n\n\n<p style=\"text-align:center\"><strong>BIENES PERSONALES<\/strong><br>Seguro de automotores, hogar y embarcaciones.<\/p>\n<\/div>\n\n\n\n<div class=\"wp-block-column is-layout-flow wp-block-column-is-layout-flow\">\n<figure class=\"wp-block-image\"><img decoding=\"async\" loading=\"lazy\" width=\"600\" height=\"350\" src=\"http:\/\/coopespartillar.com.ar\/wp-content\/uploads\/2020\/07\/Hogar-personales.jpg\" alt=\"\" class=\"wp-image-155\" srcset=\"https:\/\/coopespartillar.com.ar\/wp-content\/uploads\/2020\/07\/Hogar-personales.jpg 600w, https:\/\/coopespartillar.com.ar\/wp-content\/uploads\/2020\/07\/Hogar-personales-300x175.jpg 300w\" sizes=\"(max-width: 600px) 100vw, 600px\" \/><\/figure>\n\n\n\n<p style=\"text-align:center\"><strong>SEGUROS PERSONALES<\/strong><br>Vida Individual, Vida Colectivo y Accidentes Personales<\/p>\n<\/div>\n<\/div>\n\n\n\n<div class=\"wp-block-columns has-2-columns is-layout-flex wp-container-6 wp-block-columns-is-layout-flex\">\n<div class=\"wp-block-column is-layout-flow wp-block-column-is-layout-flow\">\n<figure class=\"wp-block-image\"><img decoding=\"async\" loading=\"lazy\" width=\"600\" height=\"350\" src=\"http:\/\/coopespartillar.com.ar\/wp-content\/uploads\/2020\/07\/campo_2.jpg\" alt=\"\" class=\"wp-image-160\" srcset=\"https:\/\/coopespartillar.com.ar\/wp-content\/uploads\/2020\/07\/campo_2.jpg 600w, https:\/\/coopespartillar.com.ar\/wp-content\/uploads\/2020\/07\/campo_2-300x175.jpg 300w\" sizes=\"(max-width: 600px) 100vw, 600px\" \/><\/figure>\n\n\n\n<p style=\"text-align:center\"><strong>SEGURO AGRICOLA<\/strong><br>Agrogranizo, Agroproductores, Acopiadores y Agroqu\u00edmicos<\/p>\n<\/div>\n\n\n\n<div class=\"wp-block-column is-layout-flow wp-block-column-is-layout-flow\">\n<figure class=\"wp-block-image\"><img decoding=\"async\" loading=\"lazy\" width=\"600\" height=\"350\" src=\"http:\/\/coopespartillar.com.ar\/wp-content\/uploads\/2020\/07\/comercial.jpg\" alt=\"\" class=\"wp-image-158\" srcset=\"https:\/\/coopespartillar.com.ar\/wp-content\/uploads\/2020\/07\/comercial.jpg 600w, https:\/\/coopespartillar.com.ar\/wp-content\/uploads\/2020\/07\/comercial-300x175.jpg 300w\" sizes=\"(max-width: 600px) 100vw, 600px\" \/><\/figure>\n\n\n\n<p style=\"text-align:center\"><strong>SEGURO COMERCIAL<\/strong><br>Integral de Comercio e Integral de Consorcio<\/p>\n<\/div>\n<\/div>\n\n\n\n<p>Contamos con el asesoramiento y soporte de San Crist\u00f3bal Seguros, brindando confianza y compromiso con nuestros asociados.<\/p>\n\n\n\n<div class=\"wp-block-image\"><figure class=\"aligncenter\"><a href=\"https:\/\/www.sancristobal.com.ar\/\" target=\"_blank\" rel=\"noreferrer noopener\"><img decoding=\"async\" loading=\"lazy\" width=\"300\" height=\"103\" src=\"http:\/\/coopespartillar.com.ar\/wp-content\/uploads\/2020\/07\/san-cristobal-300x103.jpg\" alt=\"\" class=\"wp-image-163\" srcset=\"https:\/\/coopespartillar.com.ar\/wp-content\/uploads\/2020\/07\/san-cristobal-300x103.jpg 300w, https:\/\/coopespartillar.com.ar\/wp-content\/uploads\/2020\/07\/san-cristobal.jpg 512w\" sizes=\"(max-width: 300px) 100vw, 300px\" \/><\/a><\/figure><\/div>\n\n\n\n<div class=\"wp-block-image\"><figure class=\"aligncenter is-resized\"><a href=\"https:\/\/www.sancristobalsf.com.ar\/\" target=\"_blank\" rel=\"noreferrer noopener\"><img decoding=\"async\" loading=\"lazy\" src=\"http:\/\/coopespartillar.com.ar\/wp-content\/uploads\/2020\/07\/logosf-240x77.png\" alt=\"\" class=\"wp-image-231\" width=\"295\" height=\"95\"\/><\/a><\/figure><\/div>\n","protected":false},"excerpt":{"rendered":"<p>Desde la Cooperativa queremos brindar seguridad y tranquilidad a nuestros asociados. Es por eso que brindamos seguros personales, comerciales y agr\u00edcolas, acompa\u00f1ando as\u00ed al crecimiento de la localidad y la regi\u00f3n BIENES PERSONALESSeguro de automotores, hogar y embarcaciones. SEGUROS PERSONALESVida Individual, Vida Colectivo y Accidentes Personales SEGURO AGRICOLAAgrogranizo, Agroproductores, Acopiadores y Agroqu\u00edmicos SEGURO COMERCIALIntegral de&hellip;<\/p>\n","protected":false},"author":1,"featured_media":0,"parent":0,"menu_order":0,"comment_status":"closed","ping_status":"closed","template":"","meta":{"footnotes":""},"_links":{"self":[{"href":"https:\/\/coopespartillar.com.ar\/index.php\/wp-json\/wp\/v2\/pages\/153"}],"collection":[{"href":"https:\/\/coopespartillar.com.ar\/index.php\/wp-json\/wp\/v2\/pages"}],"about":[{"href":"https:\/\/coopespartillar.com.ar\/index.php\/wp-json\/wp\/v2\/types\/page"}],"author":[{"embeddable":true,"href":"https:\/\/coopespartillar.com.ar\/index.php\/wp-json\/wp\/v2\/users\/1"}],"replies":[{"embeddable":true,"href":"https:\/\/coopespartillar.com.ar\/index.php\/wp-json\/wp\/v2\/comments?post=153"}],"version-history":[{"count":9,"href":"https:\/\/coopespartillar.com.ar\/index.php\/wp-json\/wp\/v2\/pages\/153\/revisions"}],"predecessor-version":[{"id":235,"href":"https:\/\/coopespartillar.com.ar\/index.php\/wp-json\/wp\/v2\/pages\/153\/revisions\/235"}],"wp:attachment":[{"href":"https:\/\/coopespartillar.com.ar\/index.php\/wp-json\/wp\/v2\/media?parent=153"}],"curies":[{"name":"wp","href":"https:\/\/api.w.org\/{rel}","templated":true}]}}