{"id":172,"date":"2020-07-02T18:56:30","date_gmt":"2020-07-02T18:56:30","guid":{"rendered":"http:\/\/coopespartillar.com.ar\/?page_id=172"},"modified":"2020-07-02T18:58:34","modified_gmt":"2020-07-02T18:58:34","slug":"cuit","status":"publish","type":"page","link":"https:\/\/coopespartillar.com.ar\/index.php\/cuit\/","title":{"rendered":"CUIT"},"content":{"rendered":"\n<p style=\"text-align:center\"> ADMINISTRACION FEDERAL DE INGRESOS PUBLICOS<br><strong>CONSTANCIA DE INSCRIPCION<\/strong><\/p>\n\n\n\n<table class=\"wp-block-table\"><tbody><tr><td>CUIT:&nbsp;&nbsp;<strong><em>33-54575114-9<\/em><\/strong><\/td><\/tr><tr><td><strong><em>COOPERATIVA DE PROVISION DE SERVICIO ELECTRICO Y OTROS SERVICIOS Y OBRAS PUBLICAS DE ESPARTILLAR LTDA<\/em><\/strong><\/td><\/tr><tr><td>Fecha Contrato Social:\u00a0\u00a0<strong><em>21-09-1957<\/em><\/strong><br><br><\/td><\/tr><\/tbody><\/table>\n\n\n\n<table class=\"wp-block-table\"><tbody><tr><td>REGIMENES DE INFORMACI\u00d3N<\/td><td width=\"20%\">01-2002<\/td><\/tr><tr><td>IVA<\/td><td>04-1989<\/td><\/tr><tr><td>SICORE-IMPTO.A LAS GANANCIAS &#8211; 78<\/td><td>01-2000<\/td><\/tr><tr><td>REG. SEG. SOCIAL EMPLEADOR<\/td><td>09-1957<\/td><\/tr><tr><td>FONDO P\/EDUC.Y PROM.COOPTIVA.<\/td><td>08-1987<\/td><\/tr><tr><td>****************************************************<\/td><td><\/td><\/tr><tr><td>Contribuyente no amparado en los beneficios promocionales INDUSTRIALES establecidos por Ley 22021 y sus modificatorias 22702 y 22973, a la fecha de emision de la presente constancia.<\/td><\/tr><\/tbody><\/table>\n\n\n\n<table class=\"wp-block-table\"><tbody><tr><td><strong>Esta constancia no da cuenta de la inscripci\u00f3n en el Impuesto sobre los Bienes Personales ni del Impuesto Exteriorizaci\u00f3n &#8211; Ley 26476, la cual de corresponder deber\u00e1 solicitarse en la Dependencia donde se encuentra inscripto.<\/strong><\/td><\/tr><tr><td><br>Actividad principal:&nbsp;&nbsp;<strong><em>351320 (F-883)<\/em><\/strong>Fecha de inicio:&nbsp;&nbsp;<strong><em>11\/2013<\/em><\/strong>Actividad secundaria(s) :&nbsp;<strong><em>611090 (F-883)<\/em><\/strong>Fecha de inicio:&nbsp;&nbsp;<strong><em>11\/2013<\/em><\/strong>&nbsp;&nbsp;&nbsp;&nbsp;&nbsp;&nbsp;&nbsp;&nbsp;&nbsp;&nbsp; &nbsp;&nbsp;&nbsp;&nbsp;&nbsp;&nbsp;&nbsp;&nbsp;&nbsp;&nbsp; &nbsp;&nbsp;&nbsp;&nbsp;&nbsp;&nbsp;&nbsp;&nbsp;&nbsp;&nbsp; &nbsp;&nbsp;&nbsp;&nbsp;&nbsp;&nbsp;<strong><em>614010 (F-883)<\/em><\/strong>Fecha de inicio:&nbsp;&nbsp;<strong><em>11\/2013<\/em><\/strong>&nbsp;&nbsp;&nbsp;&nbsp;&nbsp;&nbsp;&nbsp;&nbsp;&nbsp;&nbsp; &nbsp;&nbsp;&nbsp;&nbsp;&nbsp;&nbsp;&nbsp;&nbsp;&nbsp;&nbsp; &nbsp;&nbsp;&nbsp;&nbsp;&nbsp;&nbsp;&nbsp;&nbsp;&nbsp;&nbsp; &nbsp;&nbsp;&nbsp;&nbsp;&nbsp;&nbsp;<strong><em>602200 (F-883)<\/em><\/strong>Fecha de inicio:&nbsp;&nbsp;<strong><em>01\/2014<\/em><\/strong>Mes de cierre ejercicio comercial:&nbsp;&nbsp;<strong><em>6<\/em><\/strong><br>&nbsp;&nbsp;<strong><em>&nbsp;<\/em><\/strong><br><\/td><\/tr><tr><td><br><strong>Domicilio Fiscal<\/strong>EL ROSEDAL 177ESPARTILLAR&nbsp;8171-BUENOS AIRES<\/td><\/tr><tr><td><br><strong>Dependencia donde se encuentra inscripto<\/strong>DISTRITO CORONEL SUAREZ (DI RBBL)LAMADRID N\u00b0 10877540&nbsp;BUENOS AIRES<\/td><\/tr><tr><td>\n\n<\/td><\/tr><\/tbody><\/table>\n","protected":false},"excerpt":{"rendered":"<p>ADMINISTRACION FEDERAL DE INGRESOS PUBLICOSCONSTANCIA DE INSCRIPCION CUIT:&nbsp;&nbsp;33-54575114-9 COOPERATIVA DE PROVISION DE SERVICIO ELECTRICO Y OTROS SERVICIOS Y OBRAS PUBLICAS DE ESPARTILLAR LTDA Fecha Contrato Social:\u00a0\u00a021-09-1957 REGIMENES DE INFORMACI\u00d3N 01-2002 IVA 04-1989 SICORE-IMPTO.A LAS GANANCIAS &#8211; 78 01-2000 REG. SEG. SOCIAL EMPLEADOR 09-1957 FONDO P\/EDUC.Y PROM.COOPTIVA. 08-1987 **************************************************** Contribuyente no amparado en los beneficios promocionales&hellip;<\/p>\n","protected":false},"author":1,"featured_media":0,"parent":0,"menu_order":0,"comment_status":"closed","ping_status":"closed","template":"","meta":{"footnotes":""},"_links":{"self":[{"href":"https:\/\/coopespartillar.com.ar\/index.php\/wp-json\/wp\/v2\/pages\/172"}],"collection":[{"href":"https:\/\/coopespartillar.com.ar\/index.php\/wp-json\/wp\/v2\/pages"}],"about":[{"href":"https:\/\/coopespartillar.com.ar\/index.php\/wp-json\/wp\/v2\/types\/page"}],"author":[{"embeddable":true,"href":"https:\/\/coopespartillar.com.ar\/index.php\/wp-json\/wp\/v2\/users\/1"}],"replies":[{"embeddable":true,"href":"https:\/\/coopespartillar.com.ar\/index.php\/wp-json\/wp\/v2\/comments?post=172"}],"version-history":[{"count":3,"href":"https:\/\/coopespartillar.com.ar\/index.php\/wp-json\/wp\/v2\/pages\/172\/revisions"}],"predecessor-version":[{"id":175,"href":"https:\/\/coopespartillar.com.ar\/index.php\/wp-json\/wp\/v2\/pages\/172\/revisions\/175"}],"wp:attachment":[{"href":"https:\/\/coopespartillar.com.ar\/index.php\/wp-json\/wp\/v2\/media?parent=172"}],"curies":[{"name":"wp","href":"https:\/\/api.w.org\/{rel}","templated":true}]}}