{"id":457,"date":"2025-08-12T19:08:47","date_gmt":"2025-08-12T19:08:47","guid":{"rendered":"https:\/\/coopespartillar.com.ar\/?page_id=457"},"modified":"2025-08-12T19:08:49","modified_gmt":"2025-08-12T19:08:49","slug":"seguridad-electrica","status":"publish","type":"page","link":"https:\/\/coopespartillar.com.ar\/index.php\/seguridad-electrica\/","title":{"rendered":"Seguridad El\u00e9ctrica"},"content":{"rendered":"\n<h1 class=\"wp-block-heading\">Seguridad El\u00e9ctrica<\/h1>\n\n\n\n<h2 class=\"wp-block-heading\">Seguridad en la v\u00eda p\u00fablica<\/h2>\n\n\n\n<p>Le sugerimos a la poblaci\u00f3n las siguientes recomendaciones para transitar con seguridad por la v\u00eda p\u00fablica:<\/p>\n\n\n\n<ul>\n<li>Si encuentra un cable ca\u00eddo en la calle, evite acercarse, tocarlo o permitir que alguien m\u00e1s lo haga.<\/li>\n\n\n\n<li>Si nota que a la caja del medidor u otra caja o gabinete el\u00e9ctrico le falta la tapa, la misma se encuentra abierta o rota, no la toque.<\/li>\n\n\n\n<li>Si observa humo, vapor o fuego en instalaciones el\u00e9ctricas como cajas de medidores, transformadores u otras, mantenga distancia y no intentes extinguirlos. Llame a los bomberos.<\/li>\n\n\n\n<li>Ante postes ca\u00eddos, inclinados o quebrados, evite circular por esa zona.<\/li>\n\n\n\n<li>Si considera que una estructura met\u00e1lica, pilar o pared podr\u00eda estar electrificada, no act\u00faes por tu cuenta y mantenga distancia.<\/li>\n\n\n\n<li>En caso de \u00e1rboles con ramas en contacto con las redes el\u00e9ctricas, no intentes podarlos.<\/li>\n<\/ul>\n\n\n\n<p>En cualquiera de estas situaciones de aviso a la Cooperativa El\u00e9ctrica para que personal capacitado se ocupe de dar soluci\u00f3n al problema.<\/p>\n\n\n\n<h2 class=\"wp-block-heading\">Seguridad el\u00e9ctrica en su hogar<\/h2>\n\n\n\n<p><strong>Evite conexiones con triples<\/strong><\/p>\n\n\n\n<ul>\n<li>No enchufe muchos electrodom\u00e9sticos en un mismo tomacorriente, ya que los cables de la instalaci\u00f3n pueden sufrir una sobrecarga y provocar calentamiento y cortocircuitos.<\/li>\n\n\n\n<li>Evite el uso de extensiones o derivaciones improvisadas.<\/li>\n<\/ul>\n\n\n\n<p><strong>Fusibles, llaves y disyuntores<\/strong><\/p>\n\n\n\n<ul>\n<li>Verifique las protecciones t\u00e9rmicas y diferenciales. La carga utilizada debe ser adecuada para el circuito el\u00e9ctrico. Si no conoce la carga real de su casa contacte a un electricista matriculado.<\/li>\n\n\n\n<li>En caso de que se active la protecci\u00f3n t\u00e9rmica y diferencial, determine la causa antes de energizar nuevamente su hogar.<\/li>\n\n\n\n<li>Sustituya&nbsp; los antiguos fusibles por llaves termomagn\u00e9ticas.<\/li>\n\n\n\n<li>Desconecte siempre la llave general antes de realizar una reparaci\u00f3n.<\/li>\n<\/ul>\n\n\n\n<p>En caso de dudas o fallas recurrentes dentro de su hogar contacte siempre a un electricista matriculado.<\/p>\n","protected":false},"excerpt":{"rendered":"<p>Seguridad El\u00e9ctrica Seguridad en la v\u00eda p\u00fablica Le sugerimos a la poblaci\u00f3n las siguientes recomendaciones para transitar con seguridad por la v\u00eda p\u00fablica: En cualquiera de estas situaciones de aviso a la Cooperativa El\u00e9ctrica para que personal capacitado se ocupe de dar soluci\u00f3n al problema. Seguridad el\u00e9ctrica en su hogar Evite conexiones con triples Fusibles,&hellip;<\/p>\n","protected":false},"author":1,"featured_media":0,"parent":0,"menu_order":0,"comment_status":"closed","ping_status":"closed","template":"","meta":{"footnotes":""},"_links":{"self":[{"href":"https:\/\/coopespartillar.com.ar\/index.php\/wp-json\/wp\/v2\/pages\/457"}],"collection":[{"href":"https:\/\/coopespartillar.com.ar\/index.php\/wp-json\/wp\/v2\/pages"}],"about":[{"href":"https:\/\/coopespartillar.com.ar\/index.php\/wp-json\/wp\/v2\/types\/page"}],"author":[{"embeddable":true,"href":"https:\/\/coopespartillar.com.ar\/index.php\/wp-json\/wp\/v2\/users\/1"}],"replies":[{"embeddable":true,"href":"https:\/\/coopespartillar.com.ar\/index.php\/wp-json\/wp\/v2\/comments?post=457"}],"version-history":[{"count":1,"href":"https:\/\/coopespartillar.com.ar\/index.php\/wp-json\/wp\/v2\/pages\/457\/revisions"}],"predecessor-version":[{"id":458,"href":"https:\/\/coopespartillar.com.ar\/index.php\/wp-json\/wp\/v2\/pages\/457\/revisions\/458"}],"wp:attachment":[{"href":"https:\/\/coopespartillar.com.ar\/index.php\/wp-json\/wp\/v2\/media?parent=457"}],"curies":[{"name":"wp","href":"https:\/\/api.w.org\/{rel}","templated":true}]}}