{"id":55,"date":"2020-06-22T22:22:42","date_gmt":"2020-06-22T22:22:42","guid":{"rendered":"http:\/\/coopespartillar.com.ar\/?page_id=55"},"modified":"2025-08-12T18:45:12","modified_gmt":"2025-08-12T18:45:12","slug":"inicio","status":"publish","type":"page","link":"https:\/\/coopespartillar.com.ar\/","title":{"rendered":"Inicio"},"content":{"rendered":"\n<div class=\"wp-block-columns has-2-columns is-layout-flex wp-container-3 wp-block-columns-is-layout-flex\">\n<div class=\"wp-block-column is-layout-flow wp-block-column-is-layout-flow\"><\/div>\n\n\n\n<div class=\"wp-block-column is-layout-flow wp-block-column-is-layout-flow\"><\/div>\n<\/div>\n\n\n\n<figure class=\"wp-block-gallery alignfull has-nested-images columns-default is-cropped wp-block-gallery-4 is-layout-flex wp-block-gallery-is-layout-flex\">\n<figure class=\"wp-block-image\"><img decoding=\"async\" loading=\"lazy\" width=\"1024\" height=\"683\" data-id=\"69\" src=\"https:\/\/coopespartillar.com.ar\/wp-content\/uploads\/2020\/06\/aguapotable-1024x683.jpg\" alt=\"\" class=\"wp-image-69\" srcset=\"https:\/\/coopespartillar.com.ar\/wp-content\/uploads\/2020\/06\/aguapotable-1024x683.jpg 1024w, https:\/\/coopespartillar.com.ar\/wp-content\/uploads\/2020\/06\/aguapotable-300x200.jpg 300w, https:\/\/coopespartillar.com.ar\/wp-content\/uploads\/2020\/06\/aguapotable-768x512.jpg 768w, https:\/\/coopespartillar.com.ar\/wp-content\/uploads\/2020\/06\/aguapotable.jpg 1920w\" sizes=\"(max-width: 1024px) 100vw, 1024px\" \/><figcaption class=\"wp-element-caption\">Agua Potable<\/figcaption><\/figure>\n\n\n\n<figure class=\"wp-block-image\"><img decoding=\"async\" loading=\"lazy\" width=\"1024\" height=\"683\" data-id=\"70\" src=\"https:\/\/coopespartillar.com.ar\/wp-content\/uploads\/2020\/06\/electricidad-1024x683.jpg\" alt=\"\" class=\"wp-image-70\" srcset=\"https:\/\/coopespartillar.com.ar\/wp-content\/uploads\/2020\/06\/electricidad-1024x683.jpg 1024w, https:\/\/coopespartillar.com.ar\/wp-content\/uploads\/2020\/06\/electricidad-300x200.jpg 300w, https:\/\/coopespartillar.com.ar\/wp-content\/uploads\/2020\/06\/electricidad-768x512.jpg 768w, https:\/\/coopespartillar.com.ar\/wp-content\/uploads\/2020\/06\/electricidad.jpg 1920w\" sizes=\"(max-width: 1024px) 100vw, 1024px\" \/><figcaption class=\"wp-element-caption\">Electricidad<\/figcaption><\/figure>\n\n\n\n<figure class=\"wp-block-image\"><img decoding=\"async\" loading=\"lazy\" width=\"1024\" height=\"683\" data-id=\"71\" src=\"https:\/\/coopespartillar.com.ar\/wp-content\/uploads\/2020\/06\/internet-1-1024x683.jpg\" alt=\"\" class=\"wp-image-71\" srcset=\"https:\/\/coopespartillar.com.ar\/wp-content\/uploads\/2020\/06\/internet-1-1024x683.jpg 1024w, https:\/\/coopespartillar.com.ar\/wp-content\/uploads\/2020\/06\/internet-1-300x200.jpg 300w, https:\/\/coopespartillar.com.ar\/wp-content\/uploads\/2020\/06\/internet-1-768x512.jpg 768w, https:\/\/coopespartillar.com.ar\/wp-content\/uploads\/2020\/06\/internet-1.jpg 1920w\" sizes=\"(max-width: 1024px) 100vw, 1024px\" \/><figcaption class=\"wp-element-caption\">Internet<\/figcaption><\/figure>\n\n\n\n<figure class=\"wp-block-image\"><img decoding=\"async\" loading=\"lazy\" width=\"1024\" height=\"583\" data-id=\"72\" src=\"https:\/\/coopespartillar.com.ar\/wp-content\/uploads\/2020\/06\/telefono-1024x583.jpg\" alt=\"\" class=\"wp-image-72\" srcset=\"https:\/\/coopespartillar.com.ar\/wp-content\/uploads\/2020\/06\/telefono-1024x583.jpg 1024w, https:\/\/coopespartillar.com.ar\/wp-content\/uploads\/2020\/06\/telefono-300x171.jpg 300w, https:\/\/coopespartillar.com.ar\/wp-content\/uploads\/2020\/06\/telefono-768x438.jpg 768w, https:\/\/coopespartillar.com.ar\/wp-content\/uploads\/2020\/06\/telefono.jpg 1920w\" sizes=\"(max-width: 1024px) 100vw, 1024px\" \/><figcaption class=\"wp-element-caption\">Telefon\u00eda<\/figcaption><\/figure>\n\n\n\n<figure class=\"wp-block-image\"><img decoding=\"async\" loading=\"lazy\" width=\"1024\" height=\"683\" data-id=\"73\" src=\"https:\/\/coopespartillar.com.ar\/wp-content\/uploads\/2020\/06\/television-1024x683.jpg\" alt=\"\" class=\"wp-image-73\" srcset=\"https:\/\/coopespartillar.com.ar\/wp-content\/uploads\/2020\/06\/television-1024x683.jpg 1024w, https:\/\/coopespartillar.com.ar\/wp-content\/uploads\/2020\/06\/television-300x200.jpg 300w, https:\/\/coopespartillar.com.ar\/wp-content\/uploads\/2020\/06\/television-768x512.jpg 768w, https:\/\/coopespartillar.com.ar\/wp-content\/uploads\/2020\/06\/television.jpg 1920w\" sizes=\"(max-width: 1024px) 100vw, 1024px\" \/><figcaption class=\"wp-element-caption\">Televisi\u00f3n<\/figcaption><\/figure>\n<\/figure>\n\n\n\n<div class=\"wp-block-columns has-2-columns is-layout-flex wp-container-8 wp-block-columns-is-layout-flex\">\n<div class=\"wp-block-column is-layout-flow wp-block-column-is-layout-flow\">\n<p><\/p>\n<\/div>\n\n\n\n<div class=\"wp-block-column is-layout-flow wp-block-column-is-layout-flow\"><\/div>\n<\/div>\n\n\n\n<div class=\"wp-block-columns has-2-columns is-layout-flex wp-container-23 wp-block-columns-is-layout-flex\">\n<div class=\"wp-block-column is-layout-flow wp-block-column-is-layout-flow\">\n<div class=\"wp-block-columns has-2-columns is-layout-flex wp-container-11 wp-block-columns-is-layout-flex\">\n<div class=\"wp-block-column is-layout-flow wp-block-column-is-layout-flow\">\n<center>\n<i class=\"fa fa-plug fa-5x\" aria-hidden=\"true\"><\/i>\n\n<h5>ENERGIA EL\u00c9CTRICA<\/h5>\n\n<p>Preguntas frecuentes, todo lo que necesita saber del servicio.<\/p>\n<\/center>\n<center>\n<p class=\"sow-more-text\">\t\t\t\t\t\t\t<a href=\"\/index.php\/electricidad\/\">\t\t\t\t\t\t\tM\u00c1S INFO\t\t\t\t\t\t\t<\/a>\t\t\t\t<\/p>\n<\/center>\n<\/div>\n\n\n\n<div class=\"wp-block-column is-layout-flow wp-block-column-is-layout-flow\">\n<center>\n<i class=\"fa fa-wifi fa-5x\" aria-hidden=\"true\"><\/i>\n\n<h5>INTERNET<\/h5>\n\n<p>Internet de alta velocidad con la mejor tecnolog\u00eda a tu hogar.<\/p>\n<\/center>\n<center>\n<p class=\"sow-more-text\">\t\t\t\t\t\t\t<a href=\"\/index.php\/internet\/\">\t\t\t\t\t\t\tM\u00c1S INFO\t\t\t\t\t\t\t<\/a>\t\t\t\t<\/p>\n<\/center>\n<\/div>\n<\/div>\n\n\n\n<div class=\"wp-block-columns has-2-columns is-layout-flex wp-container-14 wp-block-columns-is-layout-flex\">\n<div class=\"wp-block-column is-layout-flow wp-block-column-is-layout-flow\">\n<p><\/p>\n<\/div>\n\n\n\n<div class=\"wp-block-column is-layout-flow wp-block-column-is-layout-flow\"><\/div>\n<\/div>\n<\/div>\n\n\n\n<div class=\"wp-block-column is-layout-flow wp-block-column-is-layout-flow\">\n<div class=\"wp-block-columns has-2-columns is-layout-flex wp-container-21 wp-block-columns-is-layout-flex\">\n<div class=\"wp-block-column is-layout-flow wp-block-column-is-layout-flow\">\n<center>\n<i class=\"fa fa-phone fa-5x\" aria-hidden=\"true\"><\/i>\n\n<h5>TELEFONIA<\/h5>\n\n<p>Telefon\u00eda fija urbana y rural para nuestros asociados.<\/p>\n<\/center>\n<center>\n<p class=\"sow-more-text\">\t\t\t\t\t\t\t<a href=\"\/index.php\/telefonia\/\">\t\t\t\t\t\t\tM\u00c1S INFO\t\t\t\t\t\t\t<\/a>\t\t\t\t<\/p>\n<\/center>\n<\/div>\n\n\n\n<div class=\"wp-block-column is-layout-flow wp-block-column-is-layout-flow\">\n<center>\n<i class=\"fa fa-television fa-5x\" aria-hidden=\"true\"><\/i>\n\n<h5>TELEVISION<\/h5>\n\n<p>Televisi\u00f3n por cable con una amplia grilla de canales.<\/p>\n<\/center>\n<center>\n<p class=\"sow-more-text\">\t\t\t\t\t\t\t<a href=\"index.php\/television-por-cable\/\">\t\t\t\t\t\t\tM\u00c1S INFO\t\t\t\t\t\t\t<\/a>\t\t\t\t<\/p>\n<\/center>\n\n\n\n<div class=\"wp-block-columns has-2-columns is-layout-flex wp-container-19 wp-block-columns-is-layout-flex\">\n<div class=\"wp-block-column is-layout-flow wp-block-column-is-layout-flow\">\n<p><\/p>\n<\/div>\n\n\n\n<div class=\"wp-block-column is-layout-flow wp-block-column-is-layout-flow\"><\/div>\n<\/div>\n<\/div>\n<\/div>\n<\/div>\n<\/div>\n\n\n\n<div class=\"wp-block-columns has-2-columns is-layout-flex wp-container-29 wp-block-columns-is-layout-flex\">\n<div class=\"wp-block-column is-layout-flow wp-block-column-is-layout-flow\">\n<div class=\"wp-block-columns has-2-columns is-layout-flex wp-container-26 wp-block-columns-is-layout-flex\">\n<div class=\"wp-block-column is-layout-flow wp-block-column-is-layout-flow\">\n<center>\n<i class=\"fa fa-tint fa-5x\" aria-hidden=\"true\"><\/i>\n\n<h5>AGUA POTABLE<\/h5>\n\n<p>Brindamos prestaciones de agua potable al sector urbano.<\/p>\n<\/center>\n<center>\n<p class=\"sow-more-text\">\t\t\t\t\t\t\t<a href=\"index.php\/agua-potable\/\">\t\t\t\t\t\t\tM\u00c1S INFO\t\t\t\t\t\t\t<\/a>\t\t\t\t<\/p>\n<\/center>\n<\/div>\n\n\n\n<div class=\"wp-block-column is-layout-flow wp-block-column-is-layout-flow\">\n<center>\n<i class=\"fa fa-users fa-5x\" aria-hidden=\"true\"><\/i>\n\n<h5>SEGUROS GENERALES<\/h5>\n\n<p>Seguros personales, automotores y agr\u00edcolas.<\/p>\n<\/center>\n<center>\n<p class=\"sow-more-text\">\t\t\t\t\t\t\t<a href=\"index.php\/seguros-generales\/\">\t\t\t\t\t\t\tM\u00c1S INFO\t\t\t\t\t\t\t<\/a>\t\t\t\t<\/p>\n<\/center>\n<\/div>\n<\/div>\n<\/div>\n\n\n\n<div class=\"wp-block-column is-layout-flow wp-block-column-is-layout-flow\">\n<center>\n<i class=\"fa fa-address-card-o fa-5x\" aria-hidden=\"true\"><\/i>\n\n<h5>FACTURA ELECTRONICA<\/h5>\n<p>Si sos socio de la cooperativa, pod\u00e9s descargar las facturas de tus servicios registr\u00e1ndote en nuestra plataforma Factura Electr\u00f3nica.<\/p>\n<p class=\"sow-more-text-blue\">\t\t\t\t\t\t\t<a href=\"https:\/\/www.cooponlineweb.com.ar\/ESPARTILLAR\/Login\">\t\t\t\t\t\t\tINGRESAR \t\t\t\t\t\t\t<\/a>\t\t\t\t<\/p>\n<\/center>\n<\/div>\n<\/div>\n","protected":false},"excerpt":{"rendered":"<p>ENERGIA EL\u00c9CTRICA Preguntas frecuentes, todo lo que necesita saber del servicio. M\u00c1S INFO INTERNET Internet de alta velocidad con la mejor tecnolog\u00eda a tu hogar. M\u00c1S INFO TELEFONIA Telefon\u00eda fija urbana y rural para nuestros asociados. M\u00c1S INFO TELEVISION Televisi\u00f3n por cable con una amplia grilla de canales. M\u00c1S INFO AGUA POTABLE Brindamos prestaciones de&hellip;<\/p>\n","protected":false},"author":1,"featured_media":0,"parent":0,"menu_order":0,"comment_status":"closed","ping_status":"closed","template":"page-templates\/full-width-no-title.php","meta":{"footnotes":""},"_links":{"self":[{"href":"https:\/\/coopespartillar.com.ar\/index.php\/wp-json\/wp\/v2\/pages\/55"}],"collection":[{"href":"https:\/\/coopespartillar.com.ar\/index.php\/wp-json\/wp\/v2\/pages"}],"about":[{"href":"https:\/\/coopespartillar.com.ar\/index.php\/wp-json\/wp\/v2\/types\/page"}],"author":[{"embeddable":true,"href":"https:\/\/coopespartillar.com.ar\/index.php\/wp-json\/wp\/v2\/users\/1"}],"replies":[{"embeddable":true,"href":"https:\/\/coopespartillar.com.ar\/index.php\/wp-json\/wp\/v2\/comments?post=55"}],"version-history":[{"count":32,"href":"https:\/\/coopespartillar.com.ar\/index.php\/wp-json\/wp\/v2\/pages\/55\/revisions"}],"predecessor-version":[{"id":449,"href":"https:\/\/coopespartillar.com.ar\/index.php\/wp-json\/wp\/v2\/pages\/55\/revisions\/449"}],"wp:attachment":[{"href":"https:\/\/coopespartillar.com.ar\/index.php\/wp-json\/wp\/v2\/media?parent=55"}],"curies":[{"name":"wp","href":"https:\/\/api.w.org\/{rel}","templated":true}]}}